{"id":188,"date":"2024-10-01T07:55:26","date_gmt":"2024-10-01T07:55:26","guid":{"rendered":"http:\/\/wordpress2017.waldorfkindergarten-soest.de\/?page_id=188"},"modified":"2026-02-11T08:21:59","modified_gmt":"2026-02-11T08:21:59","slug":"__trashed","status":"publish","type":"page","link":"http:\/\/wordpress2017.waldorfkindergarten-soest.de\/?page_id=188","title":{"rendered":"Unser Team"},"content":{"rendered":"\t\t<div data-elementor-type=\"wp-page\" data-elementor-id=\"188\" class=\"elementor elementor-188\">\n\t\t\t\t<div class=\"elementor-element elementor-element-266990eb e-flex e-con-boxed e-con e-parent\" data-id=\"266990eb\" data-element_type=\"container\">\n\t\t\t\t\t<div class=\"e-con-inner\">\n\t\t\t\t<div class=\"elementor-element elementor-element-55e5f2d6 elementor-widget elementor-widget-text-editor\" data-id=\"55e5f2d6\" data-element_type=\"widget\" data-widget_type=\"text-editor.default\">\n\t\t\t\t<div class=\"elementor-widget-container\">\n\t\t\t\t\t\t\t<!-- wp:media-text {\"mediaId\":186,\"mediaLink\":\"http:\/\/wordpress2017.waldorfkindergarten-soest.de\/?attachment_id=186\",\"mediaType\":\"image\"} -->\n<div class=\"wp-block-media-text is-stacked-on-mobile\"><figure class=\"wp-block-media-text__media\"><img fetchpriority=\"high\" decoding=\"async\" width=\"683\" height=\"1024\" src=\"http:\/\/wordpress2017.waldorfkindergarten-soest.de\/wp-content\/uploads\/2024\/10\/IMG_0176-683x1024.jpeg\" alt=\"\" class=\"wp-image-186 size-full\" srcset=\"http:\/\/wordpress2017.waldorfkindergarten-soest.de\/wp-content\/uploads\/2024\/10\/IMG_0176-683x1024.jpeg 683w, http:\/\/wordpress2017.waldorfkindergarten-soest.de\/wp-content\/uploads\/2024\/10\/IMG_0176-200x300.jpeg 200w, http:\/\/wordpress2017.waldorfkindergarten-soest.de\/wp-content\/uploads\/2024\/10\/IMG_0176-768x1152.jpeg 768w, http:\/\/wordpress2017.waldorfkindergarten-soest.de\/wp-content\/uploads\/2024\/10\/IMG_0176-1024x1536.jpeg 1024w, http:\/\/wordpress2017.waldorfkindergarten-soest.de\/wp-content\/uploads\/2024\/10\/IMG_0176-1365x2048.jpeg 1365w, http:\/\/wordpress2017.waldorfkindergarten-soest.de\/wp-content\/uploads\/2024\/10\/IMG_0176-scaled.jpeg 1707w\" sizes=\"(max-width: 683px) 100vw, 683px\" \/><\/figure><div class=\"wp-block-media-text__content\"><!-- wp:paragraph {\"placeholder\":\"Inhalt\u2026\",\"fontSize\":\"medium\"} -->\n<p class=\"has-medium-font-size\">Unser Kindergarten ist aufgeteilt in zwei Gruppen, die Zwergenstube f\u00fcr die kleineren Kinder und die Sonnengruppe f\u00fcr die Gro\u00dfen.<br>In beiden Gruppen begleiten je drei ErzieherInnen die Kinder in Zusammenarbeit mit JahrespraktikantInnen und ErzieherInnen im Anerkennungsjahr. <br><br>Das Team wird erg\u00e4nzt durch die Eurythmielehrerin und eine K\u00f6chin.<\/p>\n<!-- \/wp:paragraph --><\/div><\/div>\n<!-- \/wp:media-text -->\t\t\t\t\t\t<\/div>\n\t\t\t\t<\/div>\n\t\t\t\t\t<\/div>\n\t\t\t\t<\/div>\n\t\t\t\t<\/div>\n\t\t","protected":false},"excerpt":{"rendered":"<p>Unser Kindergarten ist aufgeteilt in zwei Gruppen, die Zwergenstube f\u00fcr die kleineren Kinder und die Sonnengruppe f\u00fcr die Gro\u00dfen.In beiden Gruppen begleiten je drei ErzieherInnen die Kinder in Zusammenarbeit mit JahrespraktikantInnen und ErzieherInnen im Anerkennungsjahr. Das Team wird erg\u00e4nzt durch die Eurythmielehrerin und eine K\u00f6chin.<\/p>\n","protected":false},"author":1,"featured_media":0,"parent":0,"menu_order":0,"comment_status":"closed","ping_status":"closed","template":"","meta":{"footnotes":""},"class_list":["post-188","page","type-page","status-publish","hentry"],"_links":{"self":[{"href":"http:\/\/wordpress2017.waldorfkindergarten-soest.de\/index.php?rest_route=\/wp\/v2\/pages\/188","targetHints":{"allow":["GET"]}}],"collection":[{"href":"http:\/\/wordpress2017.waldorfkindergarten-soest.de\/index.php?rest_route=\/wp\/v2\/pages"}],"about":[{"href":"http:\/\/wordpress2017.waldorfkindergarten-soest.de\/index.php?rest_route=\/wp\/v2\/types\/page"}],"author":[{"embeddable":true,"href":"http:\/\/wordpress2017.waldorfkindergarten-soest.de\/index.php?rest_route=\/wp\/v2\/users\/1"}],"replies":[{"embeddable":true,"href":"http:\/\/wordpress2017.waldorfkindergarten-soest.de\/index.php?rest_route=%2Fwp%2Fv2%2Fcomments&post=188"}],"version-history":[{"count":5,"href":"http:\/\/wordpress2017.waldorfkindergarten-soest.de\/index.php?rest_route=\/wp\/v2\/pages\/188\/revisions"}],"predecessor-version":[{"id":236,"href":"http:\/\/wordpress2017.waldorfkindergarten-soest.de\/index.php?rest_route=\/wp\/v2\/pages\/188\/revisions\/236"}],"wp:attachment":[{"href":"http:\/\/wordpress2017.waldorfkindergarten-soest.de\/index.php?rest_route=%2Fwp%2Fv2%2Fmedia&parent=188"}],"curies":[{"name":"wp","href":"https:\/\/api.w.org\/{rel}","templated":true}]}}