{"id":54,"date":"2018-01-04T17:05:04","date_gmt":"2018-01-04T17:05:04","guid":{"rendered":"http:\/\/wordpress2017.waldorfkindergarten-soest.de\/?page_id=54"},"modified":"2018-01-04T17:05:19","modified_gmt":"2018-01-04T17:05:19","slug":"verein","status":"publish","type":"page","link":"http:\/\/wordpress2017.waldorfkindergarten-soest.de\/?page_id=54","title":{"rendered":"Verein"},"content":{"rendered":"<h3>Elterninitiative<\/h3>\n<p>Der Waldorfkindergarten Soest ist eine Elterninitative, deren Tr\u00e4ger der Verein Waldorfkindergarten Soest e.V. ist. Als Mitglieder w\u00e4hlen die Eltern j\u00e4hrlich einen ehrenamtlichen Vorstand, der die Vertretung des Vereins nach au\u00dfen darstellt und als Arbeitgeber f\u00fcr die p\u00e4dagogisch-t\u00e4tigen Mitglieder fungiert.<\/p>\n<p>Als Elterninitiative helfen alle Eltern, das Leben im Kindergarten zu gestalten. Es gibt verschiedene Arbeitsgruppen, die sich beispielsweise um die Gartengestaltung, Reparatur von Spielzeug, Instandhaltung der R\u00e4ume, u.v.m., k\u00fcmmern.<\/p>\n<p>In regelm\u00e4\u00dfigen Abst\u00e4nden finden Elternabende zu bestimmten p\u00e4dagogischen Themen und Alltagsanliegen statt.<\/p>\n","protected":false},"excerpt":{"rendered":"<p>Elterninitiative Der Waldorfkindergarten Soest ist eine Elterninitative, deren Tr\u00e4ger der Verein Waldorfkindergarten Soest e.V. ist. Als Mitglieder w\u00e4hlen die Eltern j\u00e4hrlich einen ehrenamtlichen Vorstand, der die Vertretung des Vereins nach au\u00dfen darstellt und als Arbeitgeber f\u00fcr die p\u00e4dagogisch-t\u00e4tigen Mitglieder fungiert. Als Elterninitiative helfen alle Eltern, das Leben im Kindergarten zu gestalten. Es gibt verschiedene Arbeitsgruppen, &hellip; <\/p>\n<p class=\"link-more\"><a href=\"http:\/\/wordpress2017.waldorfkindergarten-soest.de\/?page_id=54\" class=\"more-link\"><span class=\"screen-reader-text\">\u201eVerein\u201c <\/span>weiterlesen<\/a><\/p>\n","protected":false},"author":1,"featured_media":0,"parent":0,"menu_order":0,"comment_status":"closed","ping_status":"closed","template":"","meta":{"footnotes":""},"class_list":["post-54","page","type-page","status-publish","hentry"],"_links":{"self":[{"href":"http:\/\/wordpress2017.waldorfkindergarten-soest.de\/index.php?rest_route=\/wp\/v2\/pages\/54","targetHints":{"allow":["GET"]}}],"collection":[{"href":"http:\/\/wordpress2017.waldorfkindergarten-soest.de\/index.php?rest_route=\/wp\/v2\/pages"}],"about":[{"href":"http:\/\/wordpress2017.waldorfkindergarten-soest.de\/index.php?rest_route=\/wp\/v2\/types\/page"}],"author":[{"embeddable":true,"href":"http:\/\/wordpress2017.waldorfkindergarten-soest.de\/index.php?rest_route=\/wp\/v2\/users\/1"}],"replies":[{"embeddable":true,"href":"http:\/\/wordpress2017.waldorfkindergarten-soest.de\/index.php?rest_route=%2Fwp%2Fv2%2Fcomments&post=54"}],"version-history":[{"count":1,"href":"http:\/\/wordpress2017.waldorfkindergarten-soest.de\/index.php?rest_route=\/wp\/v2\/pages\/54\/revisions"}],"predecessor-version":[{"id":56,"href":"http:\/\/wordpress2017.waldorfkindergarten-soest.de\/index.php?rest_route=\/wp\/v2\/pages\/54\/revisions\/56"}],"wp:attachment":[{"href":"http:\/\/wordpress2017.waldorfkindergarten-soest.de\/index.php?rest_route=%2Fwp%2Fv2%2Fmedia&parent=54"}],"curies":[{"name":"wp","href":"https:\/\/api.w.org\/{rel}","templated":true}]}}