{"id":57,"date":"2018-01-04T17:05:47","date_gmt":"2018-01-04T17:05:47","guid":{"rendered":"http:\/\/wordpress2017.waldorfkindergarten-soest.de\/?page_id=57"},"modified":"2022-07-04T07:28:09","modified_gmt":"2022-07-04T07:28:09","slug":"organe","status":"publish","type":"page","link":"http:\/\/wordpress2017.waldorfkindergarten-soest.de\/?page_id=57","title":{"rendered":"Organe"},"content":{"rendered":"<p><b>Vorstand<\/b><br \/>\nDie Kinder stehen im Mittelpunkt unseres Waldorfkindergartens. Als Vorstand ist es unsere Aufgabe einen Rahmen zu gestalten, in dem Erzieher und Eltern f\u00fcr die Kinder wirken k\u00f6nnen. In diesem Kontext h\u00fcten wir als Vorstand den rechtlichen und wirtschaftlichen Rahmen.<\/p>\n<p>Unsere Aufgaben:<br \/>\n\u00b7 Satzung und Gesch\u00e4ftsordnung pflegen und einhalten<br \/>\n\u00b7 den finanziellen Haushalt planen und verantworten<br \/>\n\u00b7 die Kindergartenleitung bei Personaleinstellungen unterst\u00fctzen<br \/>\n\u00b7 Vertr\u00e4ge abschlie\u00dfen<\/p>\n<p><b>Elternrat<\/b><br \/>\nDer Elternrat des Waldorfkindergartens setzt sich aus zwei gew\u00e4hlten Eltern der Sonnengruppe und zwei Elternteilen der Zwergengruppe zusammen. Der Elternrat k\u00fcmmert sich um die Elternkasse, Geschenke f\u00fcr das Kiga-Team, die Betreuung der Elternarbeitswand, den Beisitz der Vorstandsitzungen. Zudem k\u00f6nnen Kindergartenangelegenheiten von Eltern an Eltern kommuniziert werden, diese werden dann in das Team oder an den Vorstand getragen.<\/p>\n<p><a href=\"mailto:elternrat@waldorfkindergarten-soest.de\">mailto:elternrat@waldorfkindergarten-soest.de<\/a><\/p>\n","protected":false},"excerpt":{"rendered":"<p>Vorstand Die Kinder stehen im Mittelpunkt unseres Waldorfkindergartens. Als Vorstand ist es unsere Aufgabe einen Rahmen zu gestalten, in dem Erzieher und Eltern f\u00fcr die Kinder wirken k\u00f6nnen. In diesem Kontext h\u00fcten wir als Vorstand den rechtlichen und wirtschaftlichen Rahmen. Unsere Aufgaben: \u00b7 Satzung und Gesch\u00e4ftsordnung pflegen und einhalten \u00b7 den finanziellen Haushalt planen und &hellip; <\/p>\n<p class=\"link-more\"><a href=\"http:\/\/wordpress2017.waldorfkindergarten-soest.de\/?page_id=57\" class=\"more-link\"><span class=\"screen-reader-text\">\u201eOrgane\u201c <\/span>weiterlesen<\/a><\/p>\n","protected":false},"author":1,"featured_media":0,"parent":54,"menu_order":0,"comment_status":"closed","ping_status":"closed","template":"","meta":{"footnotes":""},"class_list":["post-57","page","type-page","status-publish","hentry"],"_links":{"self":[{"href":"http:\/\/wordpress2017.waldorfkindergarten-soest.de\/index.php?rest_route=\/wp\/v2\/pages\/57","targetHints":{"allow":["GET"]}}],"collection":[{"href":"http:\/\/wordpress2017.waldorfkindergarten-soest.de\/index.php?rest_route=\/wp\/v2\/pages"}],"about":[{"href":"http:\/\/wordpress2017.waldorfkindergarten-soest.de\/index.php?rest_route=\/wp\/v2\/types\/page"}],"author":[{"embeddable":true,"href":"http:\/\/wordpress2017.waldorfkindergarten-soest.de\/index.php?rest_route=\/wp\/v2\/users\/1"}],"replies":[{"embeddable":true,"href":"http:\/\/wordpress2017.waldorfkindergarten-soest.de\/index.php?rest_route=%2Fwp%2Fv2%2Fcomments&post=57"}],"version-history":[{"count":3,"href":"http:\/\/wordpress2017.waldorfkindergarten-soest.de\/index.php?rest_route=\/wp\/v2\/pages\/57\/revisions"}],"predecessor-version":[{"id":165,"href":"http:\/\/wordpress2017.waldorfkindergarten-soest.de\/index.php?rest_route=\/wp\/v2\/pages\/57\/revisions\/165"}],"up":[{"embeddable":true,"href":"http:\/\/wordpress2017.waldorfkindergarten-soest.de\/index.php?rest_route=\/wp\/v2\/pages\/54"}],"wp:attachment":[{"href":"http:\/\/wordpress2017.waldorfkindergarten-soest.de\/index.php?rest_route=%2Fwp%2Fv2%2Fmedia&parent=57"}],"curies":[{"name":"wp","href":"https:\/\/api.w.org\/{rel}","templated":true}]}}