{"id":62,"date":"2018-01-04T17:07:03","date_gmt":"2018-01-04T17:07:03","guid":{"rendered":"http:\/\/wordpress2017.waldorfkindergarten-soest.de\/?page_id=62"},"modified":"2018-01-04T17:07:03","modified_gmt":"2018-01-04T17:07:03","slug":"alltag","status":"publish","type":"page","link":"http:\/\/wordpress2017.waldorfkindergarten-soest.de\/?page_id=62","title":{"rendered":"Alltag"},"content":{"rendered":"<h3>Der t\u00e4gliche Ablauf<\/h3>\n<p><b>07:00 &#8211; 08:30 Uhr<\/b><br \/>\n&#8211; Eintreffen der Kinder im Kindergarten.<\/p>\n<p><b>bis 10:00 Uhr<\/b><br \/>\n&#8211; Freispiel, Fr\u00fchst\u00fcckszubereitung und T\u00e4tigkeiten, die sich aus der Jahreszeit oder einer Festzeit ergeben.<br \/>\n&#8211; Aufr\u00e4umen und H\u00e4ndewaschen.<br \/>\n&#8211; Reigen: zur Jahreszeit passende Lieder und Spr\u00fcche, die in Gesten und Bewegungen mit den Kindern dargestellt werden.<\/p>\n<p><b>10:15 Uhr<\/b><br \/>\ngemeinsames Fr\u00fchst\u00fcck<\/p>\n<p>anschlie\u00dfend: Freispiel im Garten<\/p>\n<p><b>12:00 Uhr<\/b><br \/>\nM\u00e4rchenkreis: ein M\u00e4rchen wird in einem Zeitraum von vier Wochen zun\u00e4chst vorgelesen, sp\u00e4ter frei erz\u00e4hlt und schlie\u00dflich als Puppenspiel aufgef\u00fchrt.<\/p>\n<p><b>12:45 \u2013 13:00 Uhr<\/b><br \/>\nAbholzeit der Kinder, die nicht am Mittag-Essen teilnehmen.<\/p>\n<p><b>12:45\u00a0Uhr<\/b><br \/>\nMittagessen<\/p>\n<p><b>13:30 \u2013 14:00 Uhr<\/b><br \/>\nAbholzeit f\u00fcr alle Kinder, die bis nach dem Mittag-Essen bleiben.<\/p>\n","protected":false},"excerpt":{"rendered":"<p>Der t\u00e4gliche Ablauf 07:00 &#8211; 08:30 Uhr &#8211; Eintreffen der Kinder im Kindergarten. bis 10:00 Uhr &#8211; Freispiel, Fr\u00fchst\u00fcckszubereitung und T\u00e4tigkeiten, die sich aus der Jahreszeit oder einer Festzeit ergeben. &#8211; Aufr\u00e4umen und H\u00e4ndewaschen. &#8211; Reigen: zur Jahreszeit passende Lieder und Spr\u00fcche, die in Gesten und Bewegungen mit den Kindern dargestellt werden. 10:15 Uhr gemeinsames &hellip; <\/p>\n<p class=\"link-more\"><a href=\"http:\/\/wordpress2017.waldorfkindergarten-soest.de\/?page_id=62\" class=\"more-link\"><span class=\"screen-reader-text\">\u201eAlltag\u201c <\/span>weiterlesen<\/a><\/p>\n","protected":false},"author":1,"featured_media":0,"parent":30,"menu_order":0,"comment_status":"closed","ping_status":"closed","template":"","meta":{"footnotes":""},"class_list":["post-62","page","type-page","status-publish","hentry"],"_links":{"self":[{"href":"http:\/\/wordpress2017.waldorfkindergarten-soest.de\/index.php?rest_route=\/wp\/v2\/pages\/62","targetHints":{"allow":["GET"]}}],"collection":[{"href":"http:\/\/wordpress2017.waldorfkindergarten-soest.de\/index.php?rest_route=\/wp\/v2\/pages"}],"about":[{"href":"http:\/\/wordpress2017.waldorfkindergarten-soest.de\/index.php?rest_route=\/wp\/v2\/types\/page"}],"author":[{"embeddable":true,"href":"http:\/\/wordpress2017.waldorfkindergarten-soest.de\/index.php?rest_route=\/wp\/v2\/users\/1"}],"replies":[{"embeddable":true,"href":"http:\/\/wordpress2017.waldorfkindergarten-soest.de\/index.php?rest_route=%2Fwp%2Fv2%2Fcomments&post=62"}],"version-history":[{"count":1,"href":"http:\/\/wordpress2017.waldorfkindergarten-soest.de\/index.php?rest_route=\/wp\/v2\/pages\/62\/revisions"}],"predecessor-version":[{"id":63,"href":"http:\/\/wordpress2017.waldorfkindergarten-soest.de\/index.php?rest_route=\/wp\/v2\/pages\/62\/revisions\/63"}],"up":[{"embeddable":true,"href":"http:\/\/wordpress2017.waldorfkindergarten-soest.de\/index.php?rest_route=\/wp\/v2\/pages\/30"}],"wp:attachment":[{"href":"http:\/\/wordpress2017.waldorfkindergarten-soest.de\/index.php?rest_route=%2Fwp%2Fv2%2Fmedia&parent=62"}],"curies":[{"name":"wp","href":"https:\/\/api.w.org\/{rel}","templated":true}]}}